{"id":11291,"date":"2021-06-17T08:29:46","date_gmt":"2021-06-17T08:29:46","guid":{"rendered":"https:\/\/www.weingutfritzwassmer.de\/wein\/grauer-burgunder-3\/"},"modified":"2026-03-02T07:16:05","modified_gmt":"2026-03-02T07:16:05","slug":"grauer-burgunder-3","status":"publish","type":"product","link":"https:\/\/www.weingutfritzwassmer.de\/en\/wein\/grauer-burgunder-3\/","title":{"rendered":"Grauer Burgunder"},"content":{"rendered":"","protected":false},"excerpt":{"rendered":"<p>Reife Birne, Zitronenzeste und eine feine Prise Salz. Am Gaumen erfrischend und mineralisch gepr\u00e4gt, mit viel Steinobst und einem Hauch gebrannter Mandel im Abgang. Er ist leicht, hinterl\u00e4sst jedoch einen langen und w\u00fcrzigen Nachhall.<\/p>\n<p><strong>Speiseempfehlung: <\/strong>Zu Fisch, hellem Fleisch und Pastagerichten.<\/p>\n<p><strong>Sorte:\u00a0<\/strong>Grauer Burgunder<\/p>\n<p><strong>Jahrgang: <\/strong>2025<\/p>\n<p><strong>Qualit\u00e4t: <\/strong>Qualit\u00e4tswein<\/p>\n<p><strong>Geschmack:<\/strong> trocken<\/p>\n<p><strong>Alkohol: <\/strong>12,5% vol.<strong><br \/>\n<\/strong><\/p>\n<p><strong>Gesamts\u00e4ure: <\/strong>7,6 g\/L<\/p>\n<p><strong>Restzucker: <\/strong>1,2 g\/L<\/p>\n<p><strong>Verschluss:<\/strong> Drehverschluss<\/p>\n<p><strong>Trinktemperatur:<\/strong> ca. 6-10\u00b0C<\/p>\n<p><strong>Inhalt in Liter: <\/strong>0,75<\/p>\n<p><strong>Anbaugebiet: <\/strong>Baden<\/p>\n<p><strong>Erzeuger: <\/strong>Fritz Wa\u00dfmer<\/p>\n<p><strong>Allergene: <\/strong>enth\u00e4lt Sulfite<\/p>\n<p><strong>E in 100 ml:<\/strong> 314 KJ (75 kcal)<\/p>\n<p><img decoding=\"async\" class=\"alignnone wp-image-12672\" src=\"https:\/\/www.weingutfritzwassmer.de\/wp-content\/uploads\/2021\/06\/f16bh1-300x300.png\" alt=\"\" width=\"125\" height=\"125\" srcset=\"https:\/\/www.weingutfritzwassmer.de\/wp-content\/uploads\/2021\/06\/f16bh1-66x66.png 66w, https:\/\/www.weingutfritzwassmer.de\/wp-content\/uploads\/2021\/06\/f16bh1-150x150.png 150w, https:\/\/www.weingutfritzwassmer.de\/wp-content\/uploads\/2021\/06\/f16bh1-200x200.png 200w, https:\/\/www.weingutfritzwassmer.de\/wp-content\/uploads\/2021\/06\/f16bh1-300x300.png 300w, https:\/\/www.weingutfritzwassmer.de\/wp-content\/uploads\/2021\/06\/f16bh1.png 320w\" sizes=\"(max-width: 125px) 100vw, 125px\" \/><\/p>\n","protected":false},"featured_media":9992,"template":"","meta":{"_acf_changed":false},"product_brand":[],"product_cat":[157],"product_tag":[],"class_list":{"0":"post-11291","1":"product","2":"type-product","3":"status-publish","4":"has-post-thumbnail","6":"product_cat-estate-wines","8":"first","9":"instock","10":"taxable","11":"shipping-taxable","12":"purchasable","13":"product-type-simple"},"acf":[],"_links":{"self":[{"href":"https:\/\/www.weingutfritzwassmer.de\/en\/wp-json\/wp\/v2\/product\/11291","targetHints":{"allow":["GET"]}}],"collection":[{"href":"https:\/\/www.weingutfritzwassmer.de\/en\/wp-json\/wp\/v2\/product"}],"about":[{"href":"https:\/\/www.weingutfritzwassmer.de\/en\/wp-json\/wp\/v2\/types\/product"}],"wp:featuredmedia":[{"embeddable":true,"href":"https:\/\/www.weingutfritzwassmer.de\/en\/wp-json\/wp\/v2\/media\/9992"}],"wp:attachment":[{"href":"https:\/\/www.weingutfritzwassmer.de\/en\/wp-json\/wp\/v2\/media?parent=11291"}],"wp:term":[{"taxonomy":"product_brand","embeddable":true,"href":"https:\/\/www.weingutfritzwassmer.de\/en\/wp-json\/wp\/v2\/product_brand?post=11291"},{"taxonomy":"product_cat","embeddable":true,"href":"https:\/\/www.weingutfritzwassmer.de\/en\/wp-json\/wp\/v2\/product_cat?post=11291"},{"taxonomy":"product_tag","embeddable":true,"href":"https:\/\/www.weingutfritzwassmer.de\/en\/wp-json\/wp\/v2\/product_tag?post=11291"}],"curies":[{"name":"wp","href":"https:\/\/api.w.org\/{rel}","templated":true}]}}