{"id":11199,"date":"2024-09-25T10:18:03","date_gmt":"2024-09-25T10:18:03","guid":{"rendered":"https:\/\/www.weingutfritzwassmer.de\/wein\/sommerhalde-bombach-grauer-burgunder-4\/"},"modified":"2026-03-02T07:46:41","modified_gmt":"2026-03-02T07:46:41","slug":"sommerhalde-bombach-grauer-burgunder-4","status":"publish","type":"product","link":"https:\/\/www.weingutfritzwassmer.de\/en\/wein\/sommerhalde-bombach-grauer-burgunder-4\/","title":{"rendered":"Sommerhalde Bombach Grauer Burgunder"},"content":{"rendered":"","protected":false},"excerpt":{"rendered":"<p>Reife Birne, ein Hauch von Sahnekaramell, ein wenig frische Kr\u00e4uter und sch\u00f6ne, leichte Gew\u00fcrznoten. Am Gaumen ist er voll und geschmeidig &#8211; voller gelber Fr\u00fcchte und Gew\u00fcrznuancen. Sp\u00fcrbare Griffigkeit und viel Dichte, mit langem und k\u00fchlem Finale.<\/p>\n<p><strong>Sorte: <\/strong>Grauer Burgunder<\/p>\n<p><strong>Lage:<\/strong> Sommerhalde Bombach<\/p>\n<p><strong>Jahrgang: <\/strong>2020<\/p>\n<p><strong>Qualit\u00e4t: <\/strong>Qualit\u00e4tswein<\/p>\n<p><strong>Geschmack:<\/strong> trocken<\/p>\n<p><strong>Alkohol:<\/strong> 12,5 % vol<\/p>\n<p><strong>Gesamts\u00e4ure: <\/strong>6,0 g\/L<\/p>\n<p><strong>Restzucker:<\/strong><strong>\u00a0 <\/strong>1,1 g\/L<\/p>\n<p><strong>Verschluss:<\/strong> Kork<\/p>\n<p><strong>Trinktemperatur:<\/strong> 8-12\u00b0C<\/p>\n<p><strong>Inhalt in Liter: <\/strong>0,75<\/p>\n<p><strong>Anbaugebiet: <\/strong>Baden<\/p>\n<p><strong>Erzeuger: <\/strong>Fritz Wa\u00dfmer<\/p>\n<p><strong>Allergene: <\/strong>enth\u00e4lt Sulfite<\/p>\n<p><strong>Auszeichnungen:<\/strong><\/p>\n<ul>\n<li><strong>Eichelmann:<\/strong> 90 Punkte<\/li>\n<li><strong>Falstaff:<\/strong> 93 Punkte<\/li>\n<li><strong>Gault &amp; Millau:<\/strong> nationale Spitze<\/li>\n<li><strong>Vinum:<\/strong> 90 Punkte<\/li>\n<\/ul>\n","protected":false},"featured_media":10928,"template":"","meta":{"_acf_changed":false},"product_brand":[],"product_cat":[160],"product_tag":[],"class_list":{"0":"post-11199","1":"product","2":"type-product","3":"status-publish","4":"has-post-thumbnail","6":"product_cat-site-wines","8":"first","9":"instock","10":"taxable","11":"shipping-taxable","12":"purchasable","13":"product-type-simple"},"acf":[],"_links":{"self":[{"href":"https:\/\/www.weingutfritzwassmer.de\/en\/wp-json\/wp\/v2\/product\/11199","targetHints":{"allow":["GET"]}}],"collection":[{"href":"https:\/\/www.weingutfritzwassmer.de\/en\/wp-json\/wp\/v2\/product"}],"about":[{"href":"https:\/\/www.weingutfritzwassmer.de\/en\/wp-json\/wp\/v2\/types\/product"}],"wp:featuredmedia":[{"embeddable":true,"href":"https:\/\/www.weingutfritzwassmer.de\/en\/wp-json\/wp\/v2\/media\/10928"}],"wp:attachment":[{"href":"https:\/\/www.weingutfritzwassmer.de\/en\/wp-json\/wp\/v2\/media?parent=11199"}],"wp:term":[{"taxonomy":"product_brand","embeddable":true,"href":"https:\/\/www.weingutfritzwassmer.de\/en\/wp-json\/wp\/v2\/product_brand?post=11199"},{"taxonomy":"product_cat","embeddable":true,"href":"https:\/\/www.weingutfritzwassmer.de\/en\/wp-json\/wp\/v2\/product_cat?post=11199"},{"taxonomy":"product_tag","embeddable":true,"href":"https:\/\/www.weingutfritzwassmer.de\/en\/wp-json\/wp\/v2\/product_tag?post=11199"}],"curies":[{"name":"wp","href":"https:\/\/api.w.org\/{rel}","templated":true}]}}