{"id":11159,"date":"2025-02-07T12:50:56","date_gmt":"2025-02-07T12:50:56","guid":{"rendered":"https:\/\/www.weingutfritzwassmer.de\/wein\/sommerhalde-bombach-white-burgundy\/"},"modified":"2025-02-27T06:03:59","modified_gmt":"2025-02-27T06:03:59","slug":"sommerhalde-bombach-white-burgundy","status":"publish","type":"product","link":"https:\/\/www.weingutfritzwassmer.de\/en\/wein\/sommerhalde-bombach-white-burgundy\/","title":{"rendered":"Sommerhalde Bombach White Burgundy"},"content":{"rendered":"","protected":false},"excerpt":{"rendered":"<p>Soft yellow plums, ripe peach, a little white pepper and some salted caramel on the nose. On the palate there are white currants, vanilla cream and a good pinch of pepper with lots of salt. It is round and smooth, but with a light grip and a pleasant and spicy finish, with cr\u00e8me br\u00fbl\u00e9e as a finale. A quiet, complex Pinot Blanc with plenty of time to reveal all its layers.   <\/p>\n<p><strong>Variety:<\/strong> White Burgundy<\/p>\n<p><strong>Lage:<\/strong> Sommerhalde Bombach<\/p>\n<p><strong>Vintage:<\/strong> 2021<\/p>\n<p><strong>Quality:<\/strong> quality wine<\/p>\n<p><strong>Taste:<\/strong> dry<\/p>\n<p><strong>Alcohol:<\/strong> 13.0% vol<\/p>\n<p><strong>Total acid:<\/strong> 5.3 g\/L<\/p>\n<p><strong>Residual sugar:<\/strong><strong>  <\/strong>1,1 g\/L<\/p>\n<p><strong>Closure:<\/strong> cork<\/p>\n<p><strong>Drinking temperature:<\/strong> 8-12\u00b0C<\/p>\n<p><strong>Content in liters:<\/strong> 0.75<\/p>\n<p><strong>Growing area:<\/strong> Baden<\/p>\n<p><strong>Producer:<\/strong> Fritz Wa\u00dfmer<\/p>\n<p><strong>Allergens:<\/strong> contains sulfites<\/p>\n<p><strong>Awards:<\/strong><\/p>\n<ul>\n<li><strong>Eichelmann:<\/strong> 89 points<\/li>\n<li><strong>Falstaff:<\/strong> 93 points<\/li>\n<li><strong>Gault &amp; Millau:<\/strong> national top<\/li>\n<li><strong>Vinum:<\/strong> 91 points<\/li>\n<li><strong>James Suckling:<\/strong> 94 points<\/li>\n<li><strong>Robert Parker:<\/strong> 93+<\/li>\n<\/ul>\n","protected":false},"featured_media":11053,"template":"","meta":{"_acf_changed":false},"product_brand":[],"product_cat":[160],"product_tag":[],"class_list":{"0":"post-11159","1":"product","2":"type-product","3":"status-publish","4":"has-post-thumbnail","6":"product_cat-site-wines","8":"first","9":"instock","10":"taxable","11":"shipping-taxable","12":"purchasable","13":"product-type-simple"},"acf":[],"_links":{"self":[{"href":"https:\/\/www.weingutfritzwassmer.de\/en\/wp-json\/wp\/v2\/product\/11159","targetHints":{"allow":["GET"]}}],"collection":[{"href":"https:\/\/www.weingutfritzwassmer.de\/en\/wp-json\/wp\/v2\/product"}],"about":[{"href":"https:\/\/www.weingutfritzwassmer.de\/en\/wp-json\/wp\/v2\/types\/product"}],"wp:featuredmedia":[{"embeddable":true,"href":"https:\/\/www.weingutfritzwassmer.de\/en\/wp-json\/wp\/v2\/media\/11053"}],"wp:attachment":[{"href":"https:\/\/www.weingutfritzwassmer.de\/en\/wp-json\/wp\/v2\/media?parent=11159"}],"wp:term":[{"taxonomy":"product_brand","embeddable":true,"href":"https:\/\/www.weingutfritzwassmer.de\/en\/wp-json\/wp\/v2\/product_brand?post=11159"},{"taxonomy":"product_cat","embeddable":true,"href":"https:\/\/www.weingutfritzwassmer.de\/en\/wp-json\/wp\/v2\/product_cat?post=11159"},{"taxonomy":"product_tag","embeddable":true,"href":"https:\/\/www.weingutfritzwassmer.de\/en\/wp-json\/wp\/v2\/product_tag?post=11159"}],"curies":[{"name":"wp","href":"https:\/\/api.w.org\/{rel}","templated":true}]}}